{"id":300,"date":"2024-12-03T17:09:05","date_gmt":"2024-12-03T22:09:05","guid":{"rendered":"https:\/\/bonjourtaxilaval.com\/?page_id=300"},"modified":"2024-12-21T19:56:49","modified_gmt":"2024-12-22T00:56:49","slug":"contact","status":"publish","type":"page","link":"https:\/\/bonjourtaxilaval.com\/en\/contact\/","title":{"rendered":"Contact-us"},"content":{"rendered":"<p>Bienvenue chez Bonjour Taxi Laval !<br>Welcome to Bonjour Taxi Laval!  \nWe are a local company specializing in high-quality transportation services throughout the Laval and Greater Montreal region. Whether it\u2019s for daily travel, airport transfers, door-to-door transport, long-distance trips, or even roadside assistance, we provide fast, reliable, and professional service. Our team offers you a comfortable and safe transportation experience, with a warm welcome and personalized service for every ride. At Bonjour Taxi Laval, your satisfaction is our priority!<\/p>\n\n\n\n<p>At Bonjour Taxi Laval, we are delighted to offer you fast and professional taxi service in the Laval region, Greater Montreal, and beyond. Every client is greeted with a smile and attentive service.<\/p>\n\n\n\n<p>Do you have questions about our services or rates? We are here to help!<\/p>\n\n\n<table>\n    <tr align=\"left\">\n        <th>Phone<\/th>\n        <td><a href=\"tel: 15145533249\" style=\"text-decoration: underline;\">+1 (514) 553-3249<\/a><\/td>\n    <\/tr>\n    <tr align=\"left\">\n        <th>Email<\/th>\n        <td><a href=\"mailto:booking@bonjourtaxilaval.com\" style=\"text-decoration: underline;\">booking@bonjourtaxilaval.com<\/a><\/td>\n    <\/tr>\n   \n<\/table>","protected":false},"excerpt":{"rendered":"<p>Bienvenue chez Bonjour Taxi Laval !Nous sommes une entreprise locale sp\u00e9cialis\u00e9e dans les services de transport de qualit\u00e9 sup\u00e9rieure \u00e0 travers la r\u00e9gion de Laval et du Grand Montr\u00e9al. Que ce soit pour un d\u00e9placement quotidien, un transfert vers l&rsquo;a\u00e9roport, un transport porte \u00e0 porte, un trajet longue distance, ou m\u00eame une assistance d\u00e9pannage, nous [&hellip;]<\/p>","protected":false},"author":1,"featured_media":0,"parent":0,"menu_order":0,"comment_status":"closed","ping_status":"closed","template":"","meta":{"_siteseo_robots_primary_cat":"","pagelayer_contact_templates":[],"_pagelayer_content":"","_themeisle_gutenberg_block_has_review":false,"footnotes":""},"class_list":["post-300","page","type-page","status-publish","hentry"],"_links":{"self":[{"href":"https:\/\/bonjourtaxilaval.com\/en\/wp-json\/wp\/v2\/pages\/300","targetHints":{"allow":["GET"]}}],"collection":[{"href":"https:\/\/bonjourtaxilaval.com\/en\/wp-json\/wp\/v2\/pages"}],"about":[{"href":"https:\/\/bonjourtaxilaval.com\/en\/wp-json\/wp\/v2\/types\/page"}],"author":[{"embeddable":true,"href":"https:\/\/bonjourtaxilaval.com\/en\/wp-json\/wp\/v2\/users\/1"}],"replies":[{"embeddable":true,"href":"https:\/\/bonjourtaxilaval.com\/en\/wp-json\/wp\/v2\/comments?post=300"}],"version-history":[{"count":23,"href":"https:\/\/bonjourtaxilaval.com\/en\/wp-json\/wp\/v2\/pages\/300\/revisions"}],"predecessor-version":[{"id":363,"href":"https:\/\/bonjourtaxilaval.com\/en\/wp-json\/wp\/v2\/pages\/300\/revisions\/363"}],"wp:attachment":[{"href":"https:\/\/bonjourtaxilaval.com\/en\/wp-json\/wp\/v2\/media?parent=300"}],"curies":[{"name":"wp","href":"https:\/\/api.w.org\/{rel}","templated":true}]}}