{"id":252,"date":"2024-12-02T19:47:07","date_gmt":"2024-12-02T19:47:07","guid":{"rendered":"https:\/\/bonjourtaxilaval.com\/?page_id=252"},"modified":"2024-12-02T19:47:07","modified_gmt":"2024-12-02T19:47:07","slug":"nos-services","status":"publish","type":"page","link":"https:\/\/bonjourtaxilaval.com\/en\/nos-services\/","title":{"rendered":"Our services."},"content":{"rendered":"<div class=\"wp-block-group alignfull is-layout-constrained wp-container-core-group-is-layout-b1018d00 wp-block-group-is-layout-constrained\" style=\"margin-top:0px;margin-bottom:0px;padding-top:var(--wp--preset--spacing--80);padding-right:var(--wp--preset--spacing--40);padding-bottom:var(--wp--preset--spacing--80);padding-left:var(--wp--preset--spacing--40)\">\n<div class=\"wp-block-columns alignwide is-layout-flex wp-container-core-columns-is-layout-08c01c1c wp-block-columns-is-layout-flex\">\n<div class=\"wp-block-column is-layout-flow wp-container-core-column-is-layout-119bc444 wp-block-column-is-layout-flow\">\n<figure class=\"wp-block-image size-full\"><img loading=\"lazy\" decoding=\"async\" width=\"600\" height=\"400\" src=\"https:\/\/bonjourtaxilaval.com\/wp-content\/uploads\/2024\/12\/Capture-decran-2024-12-02-142949.png\" alt=\"\" class=\"wp-image-244\" srcset=\"https:\/\/bonjourtaxilaval.com\/wp-content\/uploads\/2024\/12\/Capture-decran-2024-12-02-142949.png 600w, https:\/\/bonjourtaxilaval.com\/wp-content\/uploads\/2024\/12\/Capture-decran-2024-12-02-142949-300x200.png 300w\" sizes=\"auto, (max-width: 600px) 100vw, 600px\" \/><\/figure>\n\n\n\n<h5 class=\"wp-block-heading\">Daily transportation and door-to-door service.<\/h5>\n\n\n\n<p>Reliable and punctual service for your daily travels.<\/p>\n<\/div>\n\n\n\n<div class=\"wp-block-column is-layout-flow wp-container-core-column-is-layout-119bc444 wp-block-column-is-layout-flow\">\n<figure class=\"wp-block-image size-full\"><img loading=\"lazy\" decoding=\"async\" width=\"600\" height=\"400\" src=\"https:\/\/bonjourtaxilaval.com\/wp-content\/uploads\/2024\/12\/Capture-decran-2024-12-02-143247.png\" alt=\"\" class=\"wp-image-245\" srcset=\"https:\/\/bonjourtaxilaval.com\/wp-content\/uploads\/2024\/12\/Capture-decran-2024-12-02-143247.png 600w, https:\/\/bonjourtaxilaval.com\/wp-content\/uploads\/2024\/12\/Capture-decran-2024-12-02-143247-300x200.png 300w\" sizes=\"auto, (max-width: 600px) 100vw, 600px\" \/><\/figure>\n\n\n\n<h5 class=\"wp-block-heading\">Long-distance trips.<\/h5>\n\n\n\n<p> Safe and comfortable long-distance journeys.<\/p>\n<\/div>\n\n\n\n<div class=\"wp-block-column is-layout-flow wp-container-core-column-is-layout-119bc444 wp-block-column-is-layout-flow\">\n<figure class=\"wp-block-image size-full\"><img loading=\"lazy\" decoding=\"async\" width=\"600\" height=\"400\" src=\"https:\/\/bonjourtaxilaval.com\/wp-content\/uploads\/2024\/12\/Capture-decran-2024-12-02-143813.png\" alt=\"\" class=\"wp-image-246\" srcset=\"https:\/\/bonjourtaxilaval.com\/wp-content\/uploads\/2024\/12\/Capture-decran-2024-12-02-143813.png 600w, https:\/\/bonjourtaxilaval.com\/wp-content\/uploads\/2024\/12\/Capture-decran-2024-12-02-143813-300x200.png 300w\" sizes=\"auto, (max-width: 600px) 100vw, 600px\" \/><\/figure>\n\n\n\n<h5 class=\"wp-block-heading\">Airport transfer.<\/h5>\n\n\n\n<p>Un service fiable pour vos transferts vers ou depuis l&rsquo;a\u00e9roport.<\/p>\n<\/div>\n<\/div>\n<\/div>\n\n\n\n<div class=\"wp-block-group alignfull is-layout-constrained wp-container-core-group-is-layout-b1018d00 wp-block-group-is-layout-constrained\" style=\"margin-top:0px;margin-bottom:0px;padding-top:var(--wp--preset--spacing--80);padding-right:var(--wp--preset--spacing--40);padding-bottom:var(--wp--preset--spacing--80);padding-left:var(--wp--preset--spacing--40)\">\n<div class=\"wp-block-columns alignwide is-layout-flex wp-container-core-columns-is-layout-08c01c1c wp-block-columns-is-layout-flex\">\n<div class=\"wp-block-column is-layout-flow wp-container-core-column-is-layout-119bc444 wp-block-column-is-layout-flow\">\n<figure class=\"wp-block-image size-full\"><img loading=\"lazy\" decoding=\"async\" width=\"606\" height=\"400\" src=\"https:\/\/bonjourtaxilaval.com\/wp-content\/uploads\/2024\/12\/boost-1.png\" alt=\"\" class=\"wp-image-237\" srcset=\"https:\/\/bonjourtaxilaval.com\/wp-content\/uploads\/2024\/12\/boost-1.png 606w, https:\/\/bonjourtaxilaval.com\/wp-content\/uploads\/2024\/12\/boost-1-300x198.png 300w\" sizes=\"auto, (max-width: 606px) 100vw, 606px\" \/><\/figure>\n\n\n\n<h5 class=\"wp-block-heading\">Battery jump-start.<\/h5>\n\n\n\n<p>We offer a fast roadside assistance service with battery boosts for your vehicle.<\/p>\n<\/div>\n\n\n\n<div class=\"wp-block-column is-layout-flow wp-container-core-column-is-layout-119bc444 wp-block-column-is-layout-flow\">\n<figure class=\"wp-block-image size-full\"><img loading=\"lazy\" decoding=\"async\" width=\"600\" height=\"400\" src=\"https:\/\/bonjourtaxilaval.com\/wp-content\/uploads\/2024\/12\/Capture-decran-2024-12-02-133919.png\" alt=\"\" class=\"wp-image-238\" srcset=\"https:\/\/bonjourtaxilaval.com\/wp-content\/uploads\/2024\/12\/Capture-decran-2024-12-02-133919.png 600w, https:\/\/bonjourtaxilaval.com\/wp-content\/uploads\/2024\/12\/Capture-decran-2024-12-02-133919-300x200.png 300w\" sizes=\"auto, (max-width: 600px) 100vw, 600px\" \/><\/figure>\n\n\n\n<h5 class=\"wp-block-heading\">Door unlocking.<\/h5>\n\n\n\n<p> We offer a fast locksmith service to unlock doors if you have lost your keys.<\/p>\n<\/div>\n\n\n\n<div class=\"wp-block-column is-layout-flow wp-container-core-column-is-layout-119bc444 wp-block-column-is-layout-flow\">\n<figure class=\"wp-block-image size-full\"><img loading=\"lazy\" decoding=\"async\" width=\"600\" height=\"400\" src=\"https:\/\/bonjourtaxilaval.com\/wp-content\/uploads\/2024\/12\/Capture-decran-2024-12-02-141621.png\" alt=\"\" class=\"wp-image-240\" srcset=\"https:\/\/bonjourtaxilaval.com\/wp-content\/uploads\/2024\/12\/Capture-decran-2024-12-02-141621.png 600w, https:\/\/bonjourtaxilaval.com\/wp-content\/uploads\/2024\/12\/Capture-decran-2024-12-02-141621-300x200.png 300w\" sizes=\"auto, (max-width: 600px) 100vw, 600px\" \/><\/figure>\n\n\n\n<h5 class=\"wp-block-heading\">Luggage transport.<\/h5>\n\n\n\n<p>Secure and convenient transport for your luggage.<\/p>\n<\/div>\n<\/div>\n<\/div>","protected":false},"excerpt":{"rendered":"<p>Transport quotidien et service porte \u00e0 porte Service fiable et ponctuel pour vos d\u00e9placements quotidiens. Trajets longue distance Des trajets s\u00e9curis\u00e9s et confortables sur de longues distances. Transfert vers l\u2019a\u00e9roport Un service fiable pour vos transferts vers ou depuis l&rsquo;a\u00e9roport. Survoltage de Batterie Nous offrons un service de d\u00e9pannage rapide avec boost de batterie pour [&hellip;]<\/p>","protected":false},"author":1,"featured_media":0,"parent":0,"menu_order":0,"comment_status":"closed","ping_status":"closed","template":"","meta":{"_siteseo_robots_primary_cat":"","pagelayer_contact_templates":[],"_pagelayer_content":"","_themeisle_gutenberg_block_has_review":false,"footnotes":""},"class_list":["post-252","page","type-page","status-publish","hentry"],"_links":{"self":[{"href":"https:\/\/bonjourtaxilaval.com\/en\/wp-json\/wp\/v2\/pages\/252","targetHints":{"allow":["GET"]}}],"collection":[{"href":"https:\/\/bonjourtaxilaval.com\/en\/wp-json\/wp\/v2\/pages"}],"about":[{"href":"https:\/\/bonjourtaxilaval.com\/en\/wp-json\/wp\/v2\/types\/page"}],"author":[{"embeddable":true,"href":"https:\/\/bonjourtaxilaval.com\/en\/wp-json\/wp\/v2\/users\/1"}],"replies":[{"embeddable":true,"href":"https:\/\/bonjourtaxilaval.com\/en\/wp-json\/wp\/v2\/comments?post=252"}],"version-history":[{"count":1,"href":"https:\/\/bonjourtaxilaval.com\/en\/wp-json\/wp\/v2\/pages\/252\/revisions"}],"predecessor-version":[{"id":255,"href":"https:\/\/bonjourtaxilaval.com\/en\/wp-json\/wp\/v2\/pages\/252\/revisions\/255"}],"wp:attachment":[{"href":"https:\/\/bonjourtaxilaval.com\/en\/wp-json\/wp\/v2\/media?parent=252"}],"curies":[{"name":"wp","href":"https:\/\/api.w.org\/{rel}","templated":true}]}}